{"id":21,"date":"2025-05-05T16:04:46","date_gmt":"2025-05-05T16:04:46","guid":{"rendered":"https:\/\/farmaziagabilondo.rkinformatika.online\/?page_id=21"},"modified":"2025-06-10T15:33:37","modified_gmt":"2025-06-10T15:33:37","slug":"blog","status":"publish","type":"page","link":"https:\/\/farmaziagabilondo.es\/eu\/blog\/","title":{"rendered":"Blog"},"content":{"rendered":"<div data-elementor-type=\"wp-page\" data-elementor-id=\"21\" class=\"elementor elementor-21\" data-elementor-post-type=\"page\">\n\t\t\t\t<div class=\"elementor-element elementor-element-0b23927 e-flex e-con-boxed e-con e-parent\" data-id=\"0b23927\" data-element_type=\"container\" data-e-type=\"container\">\n\t\t\t\t\t<div class=\"e-con-inner\">\n\t\t\t\t<div class=\"elementor-element elementor-element-15efc85 elementor-widget elementor-widget-heading\" data-id=\"15efc85\" data-element_type=\"widget\" data-e-type=\"widget\" data-widget_type=\"heading.default\">\n\t\t\t\t<div class=\"elementor-widget-container\">\n\t\t\t\t\t<h2 class=\"elementor-heading-title elementor-size-default\">BLOG<\/h2>\t\t\t\t<\/div>\n\t\t\t\t<\/div>\n\t\t\t\t\t<\/div>\n\t\t\t\t<\/div>\n\t\t<div class=\"elementor-element elementor-element-c2b63f8 e-flex e-con-boxed e-con e-parent\" data-id=\"c2b63f8\" data-element_type=\"container\" data-e-type=\"container\">\n\t\t\t\t\t<div class=\"e-con-inner\">\n\t\t\t\t<div class=\"elementor-element elementor-element-cecc9d2 elementor-grid-3 elementor-grid-tablet-2 elementor-grid-mobile-1 elementor-posts--thumbnail-top elementor-card-shadow-yes elementor-posts__hover-gradient elementor-widget elementor-widget-posts\" data-id=\"cecc9d2\" data-element_type=\"widget\" data-e-type=\"widget\" data-settings=\"{&quot;cards_columns&quot;:&quot;3&quot;,&quot;cards_columns_tablet&quot;:&quot;2&quot;,&quot;cards_columns_mobile&quot;:&quot;1&quot;,&quot;cards_row_gap&quot;:{&quot;unit&quot;:&quot;px&quot;,&quot;size&quot;:35,&quot;sizes&quot;:[]},&quot;cards_row_gap_tablet&quot;:{&quot;unit&quot;:&quot;px&quot;,&quot;size&quot;:&quot;&quot;,&quot;sizes&quot;:[]},&quot;cards_row_gap_mobile&quot;:{&quot;unit&quot;:&quot;px&quot;,&quot;size&quot;:&quot;&quot;,&quot;sizes&quot;:[]}}\" data-widget_type=\"posts.cards\">\n\t\t\t\t<div class=\"elementor-widget-container\">\n\t\t\t\t\t\t\t<div class=\"elementor-posts-container elementor-posts elementor-posts--skin-cards elementor-grid\" role=\"list\">\n\t\t\t\t<article class=\"elementor-post elementor-grid-item post-1160 post type-post status-publish format-standard has-post-thumbnail hentry category-uncategorized tag-bermeo tag-farmacia-comunitaria\" role=\"listitem\">\n\t\t\t<div class=\"elementor-post__card\">\n\t\t\t\t<a class=\"elementor-post__thumbnail__link\" href=\"https:\/\/farmaziagabilondo.es\/eu\/como-saber-si-tu-ventolin-aun-tiene-medicamento-o-se-ha-acabado\/\" tabindex=\"-1\" ><div class=\"elementor-post__thumbnail\"><img fetchpriority=\"high\" decoding=\"async\" width=\"224\" height=\"225\" src=\"https:\/\/farmaziagabilondo.es\/wp-content\/uploads\/2026\/04\/descarga.jpeg\" class=\"attachment-full size-full wp-image-1163\" alt=\"VENTOLIN inhalador\" srcset=\"https:\/\/farmaziagabilondo.es\/wp-content\/uploads\/2026\/04\/descarga.jpeg 224w, https:\/\/farmaziagabilondo.es\/wp-content\/uploads\/2026\/04\/descarga-150x150.jpeg 150w, https:\/\/farmaziagabilondo.es\/wp-content\/uploads\/2026\/04\/descarga-12x12.jpeg 12w\" sizes=\"(max-width: 224px) 100vw, 224px\" \/><\/div><\/a>\n\t\t\t\t<div class=\"elementor-post__text\">\n\t\t\t\t<h3 class=\"elementor-post__title\">\n\t\t\t<a href=\"https:\/\/farmaziagabilondo.es\/eu\/como-saber-si-tu-ventolin-aun-tiene-medicamento-o-se-ha-acabado\/\" >\n\t\t\t\t\u00bfC\u00f3mo saber si tu Ventol\u00edn\u00ae a\u00fan tiene medicamento o se ha acabado?\t\t\t<\/a>\n\t\t<\/h3>\n\t\t\t\t<div class=\"elementor-post__excerpt\">\n\t\t\t<p>\u00bfC\u00f3mo saber si tu Ventol\u00edn\u00ae a\u00fan tiene medicamento o se ha acabado? (Y por qu\u00e9 no debes sumergirlo en agua) \u00a0 Si tienes el asma<\/p>\n\t\t<\/div>\n\t\t\t\t\t<div class=\"elementor-post__read-more-wrapper\">\n\t\t\n\t\t<a class=\"elementor-post__read-more\" href=\"https:\/\/farmaziagabilondo.es\/eu\/como-saber-si-tu-ventolin-aun-tiene-medicamento-o-se-ha-acabado\/\" aria-label=\"Read more about \u00bfC\u00f3mo saber si tu Ventol\u00edn\u00ae a\u00fan tiene medicamento o se ha acabado?\" tabindex=\"-1\" >\n\t\t\tLeer m\u00e1s \u00bb\t\t<\/a>\n\n\t\t\t\t\t<\/div>\n\t\t\t\t<\/div>\n\t\t\t\t<div class=\"elementor-post__meta-data\">\n\t\t\t\t\t<span class=\"elementor-post-date\">\n\t\t\t16 apirila, 2026\t\t<\/span>\n\t\t\t\t<span class=\"elementor-post-avatar\">\n\t\t\tIruzkinik ez\t\t<\/span>\n\t\t\t\t<\/div>\n\t\t\t\t\t<\/div>\n\t\t<\/article>\n\t\t\t\t<article class=\"elementor-post elementor-grid-item post-1121 post type-post status-publish format-standard has-post-thumbnail hentry category-uncategorized tag-bermeo tag-farmacia-comunitaria\" role=\"listitem\">\n\t\t\t<div class=\"elementor-post__card\">\n\t\t\t\t<a class=\"elementor-post__thumbnail__link\" href=\"https:\/\/farmaziagabilondo.es\/eu\/farmacia-gabilondo-comercio-muy-pro\/\" tabindex=\"-1\" ><div class=\"elementor-post__thumbnail\"><img decoding=\"async\" width=\"1944\" height=\"1296\" src=\"https:\/\/farmaziagabilondo.es\/wp-content\/uploads\/2025\/05\/WhatsApp-Image-2025-03-28-at-23.31.08.jpeg\" class=\"attachment-full size-full wp-image-265\" alt=\"\" srcset=\"https:\/\/farmaziagabilondo.es\/wp-content\/uploads\/2025\/05\/WhatsApp-Image-2025-03-28-at-23.31.08.jpeg 1944w, https:\/\/farmaziagabilondo.es\/wp-content\/uploads\/2025\/05\/WhatsApp-Image-2025-03-28-at-23.31.08-300x200.jpeg 300w, https:\/\/farmaziagabilondo.es\/wp-content\/uploads\/2025\/05\/WhatsApp-Image-2025-03-28-at-23.31.08-1024x683.jpeg 1024w, https:\/\/farmaziagabilondo.es\/wp-content\/uploads\/2025\/05\/WhatsApp-Image-2025-03-28-at-23.31.08-768x512.jpeg 768w, https:\/\/farmaziagabilondo.es\/wp-content\/uploads\/2025\/05\/WhatsApp-Image-2025-03-28-at-23.31.08-1536x1024.jpeg 1536w, https:\/\/farmaziagabilondo.es\/wp-content\/uploads\/2025\/05\/WhatsApp-Image-2025-03-28-at-23.31.08-18x12.jpeg 18w\" sizes=\"(max-width: 1944px) 100vw, 1944px\" \/><\/div><\/a>\n\t\t\t\t<div class=\"elementor-post__text\">\n\t\t\t\t<h3 class=\"elementor-post__title\">\n\t\t\t<a href=\"https:\/\/farmaziagabilondo.es\/eu\/farmacia-gabilondo-comercio-muy-pro\/\" >\n\t\t\t\tFARMACIA GABILONDO COMERCIO MUY PRO\t\t\t<\/a>\n\t\t<\/h3>\n\t\t\t\t<div class=\"elementor-post__excerpt\">\n\t\t\t<p>ENTREVISTA EN TELEBILBAO. FARMACIA GABILONDO COMERCIO PRO La Farmacia Gabilondo ha participado en una breve entrevista en TELEBILBAO con motivo de la campa\u00f1a \u201cComercio de<\/p>\n\t\t<\/div>\n\t\t\t\t\t<div class=\"elementor-post__read-more-wrapper\">\n\t\t\n\t\t<a class=\"elementor-post__read-more\" href=\"https:\/\/farmaziagabilondo.es\/eu\/farmacia-gabilondo-comercio-muy-pro\/\" aria-label=\"Read more about FARMACIA GABILONDO COMERCIO MUY PRO\" tabindex=\"-1\" >\n\t\t\tLeer m\u00e1s \u00bb\t\t<\/a>\n\n\t\t\t\t\t<\/div>\n\t\t\t\t<\/div>\n\t\t\t\t<div class=\"elementor-post__meta-data\">\n\t\t\t\t\t<span class=\"elementor-post-date\">\n\t\t\t1 apirila, 2026\t\t<\/span>\n\t\t\t\t<span class=\"elementor-post-avatar\">\n\t\t\tIruzkinik ez\t\t<\/span>\n\t\t\t\t<\/div>\n\t\t\t\t\t<\/div>\n\t\t<\/article>\n\t\t\t\t<article class=\"elementor-post elementor-grid-item post-1086 post type-post status-publish format-standard has-post-thumbnail hentry category-uncategorized tag-farmacia-comunitaria tag-jornadas\" role=\"listitem\">\n\t\t\t<div class=\"elementor-post__card\">\n\t\t\t\t<a class=\"elementor-post__thumbnail__link\" href=\"https:\/\/farmaziagabilondo.es\/eu\/jornadas-sefac2026-actualizando-conocimientos\/\" tabindex=\"-1\" ><div class=\"elementor-post__thumbnail\"><img decoding=\"async\" width=\"1928\" height=\"2560\" src=\"https:\/\/farmaziagabilondo.es\/wp-content\/uploads\/2026\/03\/sefac2026-scaled.jpg\" class=\"attachment-full size-full wp-image-1088\" alt=\"JORNADAS SEFAC2026 BILBAO\" srcset=\"https:\/\/farmaziagabilondo.es\/wp-content\/uploads\/2026\/03\/sefac2026-scaled.jpg 1928w, https:\/\/farmaziagabilondo.es\/wp-content\/uploads\/2026\/03\/sefac2026-226x300.jpg 226w, https:\/\/farmaziagabilondo.es\/wp-content\/uploads\/2026\/03\/sefac2026-771x1024.jpg 771w, https:\/\/farmaziagabilondo.es\/wp-content\/uploads\/2026\/03\/sefac2026-768x1020.jpg 768w, https:\/\/farmaziagabilondo.es\/wp-content\/uploads\/2026\/03\/sefac2026-1157x1536.jpg 1157w, https:\/\/farmaziagabilondo.es\/wp-content\/uploads\/2026\/03\/sefac2026-1542x2048.jpg 1542w, https:\/\/farmaziagabilondo.es\/wp-content\/uploads\/2026\/03\/sefac2026-9x12.jpg 9w\" sizes=\"(max-width: 1928px) 100vw, 1928px\" \/><\/div><\/a>\n\t\t\t\t<div class=\"elementor-post__text\">\n\t\t\t\t<h3 class=\"elementor-post__title\">\n\t\t\t<a href=\"https:\/\/farmaziagabilondo.es\/eu\/jornadas-sefac2026-actualizando-conocimientos\/\" >\n\t\t\t\tJORNADAS SEFAC2026 ACTUALIZANDO CONOCIMIENTOS\t\t\t<\/a>\n\t\t<\/h3>\n\t\t\t\t<div class=\"elementor-post__excerpt\">\n\t\t\t<p>JORNADAS SEFAC 2026. ACTUALIZANDO CONOCIMIENTOS Y HABILIDADES Estuvimos Leire y yo para actualizar los conocimientos y habilidades en farmacia. Adem\u00e1s presenciamos el debate sobre el<\/p>\n\t\t<\/div>\n\t\t\t\t\t<div class=\"elementor-post__read-more-wrapper\">\n\t\t\n\t\t<a class=\"elementor-post__read-more\" href=\"https:\/\/farmaziagabilondo.es\/eu\/jornadas-sefac2026-actualizando-conocimientos\/\" aria-label=\"Read more about JORNADAS SEFAC2026 ACTUALIZANDO CONOCIMIENTOS\" tabindex=\"-1\" >\n\t\t\tLeer m\u00e1s \u00bb\t\t<\/a>\n\n\t\t\t\t\t<\/div>\n\t\t\t\t<\/div>\n\t\t\t\t<div class=\"elementor-post__meta-data\">\n\t\t\t\t\t<span class=\"elementor-post-date\">\n\t\t\t10 martxoa, 2026\t\t<\/span>\n\t\t\t\t<span class=\"elementor-post-avatar\">\n\t\t\tIruzkinik ez\t\t<\/span>\n\t\t\t\t<\/div>\n\t\t\t\t\t<\/div>\n\t\t<\/article>\n\t\t\t\t<article class=\"elementor-post elementor-grid-item post-1054 post type-post status-publish format-standard has-post-thumbnail hentry category-uncategorized tag-dermocosmetica tag-luxmetique tag-nutricosmetica\" role=\"listitem\">\n\t\t\t<div class=\"elementor-post__card\">\n\t\t\t\t<a class=\"elementor-post__thumbnail__link\" href=\"https:\/\/farmaziagabilondo.es\/eu\/luxmetique-proage-day-piel-mas-luminosa-en-14-dias\/\" tabindex=\"-1\" ><div class=\"elementor-post__thumbnail\"><img loading=\"lazy\" decoding=\"async\" width=\"1440\" height=\"1440\" src=\"https:\/\/farmaziagabilondo.es\/wp-content\/uploads\/2025\/12\/PROAGE_DAY_1.webp\" class=\"attachment-full size-full wp-image-1057\" alt=\"LUXMETIQUE\" srcset=\"https:\/\/farmaziagabilondo.es\/wp-content\/uploads\/2025\/12\/PROAGE_DAY_1.webp 1440w, https:\/\/farmaziagabilondo.es\/wp-content\/uploads\/2025\/12\/PROAGE_DAY_1-300x300.webp 300w, https:\/\/farmaziagabilondo.es\/wp-content\/uploads\/2025\/12\/PROAGE_DAY_1-1024x1024.webp 1024w, https:\/\/farmaziagabilondo.es\/wp-content\/uploads\/2025\/12\/PROAGE_DAY_1-150x150.webp 150w, https:\/\/farmaziagabilondo.es\/wp-content\/uploads\/2025\/12\/PROAGE_DAY_1-768x768.webp 768w, https:\/\/farmaziagabilondo.es\/wp-content\/uploads\/2025\/12\/PROAGE_DAY_1-12x12.webp 12w\" sizes=\"(max-width: 1440px) 100vw, 1440px\" \/><\/div><\/a>\n\t\t\t\t<div class=\"elementor-post__text\">\n\t\t\t\t<h3 class=\"elementor-post__title\">\n\t\t\t<a href=\"https:\/\/farmaziagabilondo.es\/eu\/luxmetique-proage-day-piel-mas-luminosa-en-14-dias\/\" >\n\t\t\t\tLUXMETIQUE PROAGE DAY: piel m\u00e1s luminosa en 14 d\u00edas\t\t\t<\/a>\n\t\t<\/h3>\n\t\t\t\t<div class=\"elementor-post__excerpt\">\n\t\t\t<p>Si hay un producto que no puede faltar en tu rutina para NAVIDAD es PROAGE DAY de Luxmetique: en solo 14 d\u00edas notar\u00e1s tu piel<\/p>\n\t\t<\/div>\n\t\t\t\t\t<div class=\"elementor-post__read-more-wrapper\">\n\t\t\n\t\t<a class=\"elementor-post__read-more\" href=\"https:\/\/farmaziagabilondo.es\/eu\/luxmetique-proage-day-piel-mas-luminosa-en-14-dias\/\" aria-label=\"Read more about LUXMETIQUE PROAGE DAY: piel m\u00e1s luminosa en 14 d\u00edas\" tabindex=\"-1\" >\n\t\t\tLeer m\u00e1s \u00bb\t\t<\/a>\n\n\t\t\t\t\t<\/div>\n\t\t\t\t<\/div>\n\t\t\t\t<div class=\"elementor-post__meta-data\">\n\t\t\t\t\t<span class=\"elementor-post-date\">\n\t\t\t4 abendua, 2025\t\t<\/span>\n\t\t\t\t<span class=\"elementor-post-avatar\">\n\t\t\tIruzkinik ez\t\t<\/span>\n\t\t\t\t<\/div>\n\t\t\t\t\t<\/div>\n\t\t<\/article>\n\t\t\t\t<article class=\"elementor-post elementor-grid-item post-1024 post type-post status-publish format-standard has-post-thumbnail hentry category-uncategorized tag-alakrana tag-bermeo tag-dermofarmazia tag-medik8\" role=\"listitem\">\n\t\t\t<div class=\"elementor-post__card\">\n\t\t\t\t<a class=\"elementor-post__thumbnail__link\" href=\"https:\/\/farmaziagabilondo.es\/eu\/una-tarde-de-dermofarmacia-con-medik8-cuidarse-tambien-es-disfrutar\/\" tabindex=\"-1\" ><div class=\"elementor-post__thumbnail\"><img loading=\"lazy\" decoding=\"async\" width=\"2560\" height=\"1928\" src=\"https:\/\/farmaziagabilondo.es\/wp-content\/uploads\/2025\/10\/1761045526301-scaled.jpg\" class=\"attachment-full size-full wp-image-1026\" alt=\"Uno de los eventos m\u00e1s esperados de Dermofarmacia\" srcset=\"https:\/\/farmaziagabilondo.es\/wp-content\/uploads\/2025\/10\/1761045526301-scaled.jpg 2560w, https:\/\/farmaziagabilondo.es\/wp-content\/uploads\/2025\/10\/1761045526301-300x226.jpg 300w, https:\/\/farmaziagabilondo.es\/wp-content\/uploads\/2025\/10\/1761045526301-1024x771.jpg 1024w, https:\/\/farmaziagabilondo.es\/wp-content\/uploads\/2025\/10\/1761045526301-768x578.jpg 768w, https:\/\/farmaziagabilondo.es\/wp-content\/uploads\/2025\/10\/1761045526301-1536x1157.jpg 1536w, https:\/\/farmaziagabilondo.es\/wp-content\/uploads\/2025\/10\/1761045526301-2048x1542.jpg 2048w, https:\/\/farmaziagabilondo.es\/wp-content\/uploads\/2025\/10\/1761045526301-16x12.jpg 16w\" sizes=\"(max-width: 2560px) 100vw, 2560px\" \/><\/div><\/a>\n\t\t\t\t<div class=\"elementor-post__text\">\n\t\t\t\t<h3 class=\"elementor-post__title\">\n\t\t\t<a href=\"https:\/\/farmaziagabilondo.es\/eu\/una-tarde-de-dermofarmacia-con-medik8-cuidarse-tambien-es-disfrutar\/\" >\n\t\t\t\tUna tarde de dermofarmacia con Medik8: cuidarse tambi\u00e9n es disfrutar\t\t\t<\/a>\n\t\t<\/h3>\n\t\t\t\t<div class=\"elementor-post__excerpt\">\n\t\t\t<p>N\u00e1useas en el embarazo; Gu\u00eda completa sobre Bonjesta\u00ae, Cariban\u00ae y Nausealiv\u00ae Las n\u00e1useas y v\u00f3mitos del embarazo \u00a0afectan a un gran n\u00famero de mujeres, especialmente<\/p>\n\t\t<\/div>\n\t\t\t\t\t<div class=\"elementor-post__read-more-wrapper\">\n\t\t\n\t\t<a class=\"elementor-post__read-more\" href=\"https:\/\/farmaziagabilondo.es\/eu\/una-tarde-de-dermofarmacia-con-medik8-cuidarse-tambien-es-disfrutar\/\" aria-label=\"Read more about Una tarde de dermofarmacia con Medik8: cuidarse tambi\u00e9n es disfrutar\" tabindex=\"-1\" >\n\t\t\tLeer m\u00e1s \u00bb\t\t<\/a>\n\n\t\t\t\t\t<\/div>\n\t\t\t\t<\/div>\n\t\t\t\t<div class=\"elementor-post__meta-data\">\n\t\t\t\t\t<span class=\"elementor-post-date\">\n\t\t\t23 urria, 2025\t\t<\/span>\n\t\t\t\t<span class=\"elementor-post-avatar\">\n\t\t\tIruzkinik ez\t\t<\/span>\n\t\t\t\t<\/div>\n\t\t\t\t\t<\/div>\n\t\t<\/article>\n\t\t\t\t<article class=\"elementor-post elementor-grid-item post-1005 post type-post status-publish format-standard has-post-thumbnail hentry category-uncategorized tag-aswhaganda tag-dormir tag-estres tag-melatonina\" role=\"listitem\">\n\t\t\t<div class=\"elementor-post__card\">\n\t\t\t\t<a class=\"elementor-post__thumbnail__link\" href=\"https:\/\/farmaziagabilondo.es\/eu\/dificultad-para-dormir-o-nervios-durante-el-dia\/\" tabindex=\"-1\" ><div class=\"elementor-post__thumbnail\"><img loading=\"lazy\" decoding=\"async\" width=\"225\" height=\"225\" src=\"https:\/\/farmaziagabilondo.es\/wp-content\/uploads\/2025\/09\/estres3.jpeg\" class=\"attachment-full size-full wp-image-1007\" alt=\"\" srcset=\"https:\/\/farmaziagabilondo.es\/wp-content\/uploads\/2025\/09\/estres3.jpeg 225w, https:\/\/farmaziagabilondo.es\/wp-content\/uploads\/2025\/09\/estres3-150x150.jpeg 150w, https:\/\/farmaziagabilondo.es\/wp-content\/uploads\/2025\/09\/estres3-12x12.jpeg 12w\" sizes=\"(max-width: 225px) 100vw, 225px\" \/><\/div><\/a>\n\t\t\t\t<div class=\"elementor-post__text\">\n\t\t\t\t<h3 class=\"elementor-post__title\">\n\t\t\t<a href=\"https:\/\/farmaziagabilondo.es\/eu\/dificultad-para-dormir-o-nervios-durante-el-dia\/\" >\n\t\t\t\t\u00bfDificultad para dormir o nervios durante el d\u00eda?\t\t\t<\/a>\n\t\t<\/h3>\n\t\t\t\t<div class=\"elementor-post__excerpt\">\n\t\t\t<p>\u00bfDificultad para dormir o nervios durante el d\u00eda? 3 aliados naturales que pueden ayudarte Dormir bien y mantener la calma parece cada vez m\u00e1s complicado,<\/p>\n\t\t<\/div>\n\t\t\t\t\t<div class=\"elementor-post__read-more-wrapper\">\n\t\t\n\t\t<a class=\"elementor-post__read-more\" href=\"https:\/\/farmaziagabilondo.es\/eu\/dificultad-para-dormir-o-nervios-durante-el-dia\/\" aria-label=\"Read more about \u00bfDificultad para dormir o nervios durante el d\u00eda?\" tabindex=\"-1\" >\n\t\t\tLeer m\u00e1s \u00bb\t\t<\/a>\n\n\t\t\t\t\t<\/div>\n\t\t\t\t<\/div>\n\t\t\t\t<div class=\"elementor-post__meta-data\">\n\t\t\t\t\t<span class=\"elementor-post-date\">\n\t\t\t20 iraila, 2025\t\t<\/span>\n\t\t\t\t<span class=\"elementor-post-avatar\">\n\t\t\tIruzkinik ez\t\t<\/span>\n\t\t\t\t<\/div>\n\t\t\t\t\t<\/div>\n\t\t<\/article>\n\t\t\t\t<\/div>\n\t\t\n\t\t\t\t\t\t<\/div>\n\t\t\t\t<\/div>\n\t\t\t\t\t<\/div>\n\t\t\t\t<\/div>\n\t\t\t\t<\/div>","protected":false},"excerpt":{"rendered":"<p>BLOG<\/p>","protected":false},"author":1,"featured_media":0,"parent":0,"menu_order":0,"comment_status":"closed","ping_status":"closed","template":"","meta":{"footnotes":""},"class_list":["post-21","page","type-page","status-publish","hentry"],"yoast_head":"<!-- This site is optimized with the Yoast SEO plugin v27.5 - https:\/\/yoast.com\/product\/yoast-seo-wordpress\/ -->\n<title>Blog - Farmacia Gabilondo<\/title>\n<meta name=\"description\" content=\"Blog Gabilondo. Aqu\u00ed encontrar\u00e1s informaci\u00f3n confiable, consejos pr\u00e1cticos, novedades del mundo farmac\u00e9utico y orientaciones.\" \/>\n<meta name=\"robots\" content=\"index, follow, max-snippet:-1, max-image-preview:large, max-video-preview:-1\" \/>\n<link rel=\"canonical\" href=\"https:\/\/farmaziagabilondo.es\/eu\/blog\/\" \/>\n<meta property=\"og:locale\" content=\"en_US\" \/>\n<meta property=\"og:type\" content=\"article\" \/>\n<meta property=\"og:title\" content=\"Blog - Farmacia Gabilondo\" \/>\n<meta property=\"og:description\" content=\"Blog Gabilondo. Aqu\u00ed encontrar\u00e1s informaci\u00f3n confiable, consejos pr\u00e1cticos, novedades del mundo farmac\u00e9utico y orientaciones.\" \/>\n<meta property=\"og:url\" content=\"https:\/\/farmaziagabilondo.es\/eu\/blog\/\" \/>\n<meta property=\"og:site_name\" content=\"Farmacia Gabilondo\" \/>\n<meta property=\"article:publisher\" content=\"https:\/\/www.facebook.com\/gabilondofarma\/?locale=es_ES\" \/>\n<meta property=\"article:modified_time\" content=\"2025-06-10T15:33:37+00:00\" \/>\n<meta property=\"og:image\" content=\"https:\/\/farmaziagabilondo.es\/wp-content\/uploads\/2025\/05\/WhatsApp-Image-2025-05-05-at-17.33.13.jpeg\" \/>\n\t<meta property=\"og:image:width\" content=\"1182\" \/>\n\t<meta property=\"og:image:height\" content=\"592\" \/>\n\t<meta property=\"og:image:type\" content=\"image\/jpeg\" \/>\n<meta name=\"twitter:card\" content=\"summary_large_image\" \/>\n<meta name=\"twitter:label1\" content=\"Est. reading time\" \/>\n\t<meta name=\"twitter:data1\" content=\"1 minutua\" \/>\n<script type=\"application\/ld+json\" class=\"yoast-schema-graph\">{\"@context\":\"https:\\\/\\\/schema.org\",\"@graph\":[{\"@type\":\"WebPage\",\"@id\":\"https:\\\/\\\/farmaziagabilondo.es\\\/blog\\\/\",\"url\":\"https:\\\/\\\/farmaziagabilondo.es\\\/blog\\\/\",\"name\":\"Blog - Farmacia Gabilondo\",\"isPartOf\":{\"@id\":\"https:\\\/\\\/farmaziagabilondo.es\\\/#website\"},\"datePublished\":\"2025-05-05T16:04:46+00:00\",\"dateModified\":\"2025-06-10T15:33:37+00:00\",\"description\":\"Blog Gabilondo. Aqu\u00ed encontrar\u00e1s informaci\u00f3n confiable, consejos pr\u00e1cticos, novedades del mundo farmac\u00e9utico y orientaciones.\",\"breadcrumb\":{\"@id\":\"https:\\\/\\\/farmaziagabilondo.es\\\/blog\\\/#breadcrumb\"},\"inLanguage\":\"eu\",\"potentialAction\":[{\"@type\":\"ReadAction\",\"target\":[\"https:\\\/\\\/farmaziagabilondo.es\\\/blog\\\/\"]}]},{\"@type\":\"BreadcrumbList\",\"@id\":\"https:\\\/\\\/farmaziagabilondo.es\\\/blog\\\/#breadcrumb\",\"itemListElement\":[{\"@type\":\"ListItem\",\"position\":1,\"name\":\"Portada\",\"item\":\"https:\\\/\\\/farmaziagabilondo.es\\\/\"},{\"@type\":\"ListItem\",\"position\":2,\"name\":\"Blog\"}]},{\"@type\":\"WebSite\",\"@id\":\"https:\\\/\\\/farmaziagabilondo.es\\\/#website\",\"url\":\"https:\\\/\\\/farmaziagabilondo.es\\\/\",\"name\":\"Farmacia Gabilondo\",\"description\":\"Somos una farmacia de servicios\",\"publisher\":{\"@id\":\"https:\\\/\\\/farmaziagabilondo.es\\\/#organization\"},\"alternateName\":\"Farmazia Gabilondo\",\"potentialAction\":[{\"@type\":\"SearchAction\",\"target\":{\"@type\":\"EntryPoint\",\"urlTemplate\":\"https:\\\/\\\/farmaziagabilondo.es\\\/?s={search_term_string}\"},\"query-input\":{\"@type\":\"PropertyValueSpecification\",\"valueRequired\":true,\"valueName\":\"search_term_string\"}}],\"inLanguage\":\"eu\"},{\"@type\":\"Organization\",\"@id\":\"https:\\\/\\\/farmaziagabilondo.es\\\/#organization\",\"name\":\"Farmacia Gabilondo\",\"alternateName\":\"Farmazia Gabilondo\",\"url\":\"https:\\\/\\\/farmaziagabilondo.es\\\/\",\"logo\":{\"@type\":\"ImageObject\",\"inLanguage\":\"eu\",\"@id\":\"https:\\\/\\\/farmaziagabilondo.es\\\/#\\\/schema\\\/logo\\\/image\\\/\",\"url\":\"https:\\\/\\\/farmaziagabilondo.es\\\/wp-content\\\/uploads\\\/2025\\\/05\\\/cropped-WhatsApp-Image-2025-05-05-at-17.33.13.jpeg\",\"contentUrl\":\"https:\\\/\\\/farmaziagabilondo.es\\\/wp-content\\\/uploads\\\/2025\\\/05\\\/cropped-WhatsApp-Image-2025-05-05-at-17.33.13.jpeg\",\"width\":974,\"height\":443,\"caption\":\"Farmacia Gabilondo\"},\"image\":{\"@id\":\"https:\\\/\\\/farmaziagabilondo.es\\\/#\\\/schema\\\/logo\\\/image\\\/\"},\"sameAs\":[\"https:\\\/\\\/www.facebook.com\\\/gabilondofarma\\\/?locale=es_ES\"]}]}<\/script>\n<!-- \/ Yoast SEO plugin. -->","yoast_head_json":{"title":"Blog - Farmacia Gabilondo","description":"Blog Gabilondo. Aqu\u00ed encontrar\u00e1s informaci\u00f3n confiable, consejos pr\u00e1cticos, novedades del mundo farmac\u00e9utico y orientaciones.","robots":{"index":"index","follow":"follow","max-snippet":"max-snippet:-1","max-image-preview":"max-image-preview:large","max-video-preview":"max-video-preview:-1"},"canonical":"https:\/\/farmaziagabilondo.es\/eu\/blog\/","og_locale":"en_US","og_type":"article","og_title":"Blog - Farmacia Gabilondo","og_description":"Blog Gabilondo. Aqu\u00ed encontrar\u00e1s informaci\u00f3n confiable, consejos pr\u00e1cticos, novedades del mundo farmac\u00e9utico y orientaciones.","og_url":"https:\/\/farmaziagabilondo.es\/eu\/blog\/","og_site_name":"Farmacia Gabilondo","article_publisher":"https:\/\/www.facebook.com\/gabilondofarma\/?locale=es_ES","article_modified_time":"2025-06-10T15:33:37+00:00","og_image":[{"width":1182,"height":592,"url":"https:\/\/farmaziagabilondo.es\/wp-content\/uploads\/2025\/05\/WhatsApp-Image-2025-05-05-at-17.33.13.jpeg","type":"image\/jpeg"}],"twitter_card":"summary_large_image","twitter_misc":{"Est. reading time":"1 minutua"},"schema":{"@context":"https:\/\/schema.org","@graph":[{"@type":"WebPage","@id":"https:\/\/farmaziagabilondo.es\/blog\/","url":"https:\/\/farmaziagabilondo.es\/blog\/","name":"Blog - Farmacia Gabilondo","isPartOf":{"@id":"https:\/\/farmaziagabilondo.es\/#website"},"datePublished":"2025-05-05T16:04:46+00:00","dateModified":"2025-06-10T15:33:37+00:00","description":"Blog Gabilondo. Aqu\u00ed encontrar\u00e1s informaci\u00f3n confiable, consejos pr\u00e1cticos, novedades del mundo farmac\u00e9utico y orientaciones.","breadcrumb":{"@id":"https:\/\/farmaziagabilondo.es\/blog\/#breadcrumb"},"inLanguage":"eu","potentialAction":[{"@type":"ReadAction","target":["https:\/\/farmaziagabilondo.es\/blog\/"]}]},{"@type":"BreadcrumbList","@id":"https:\/\/farmaziagabilondo.es\/blog\/#breadcrumb","itemListElement":[{"@type":"ListItem","position":1,"name":"Portada","item":"https:\/\/farmaziagabilondo.es\/"},{"@type":"ListItem","position":2,"name":"Blog"}]},{"@type":"WebSite","@id":"https:\/\/farmaziagabilondo.es\/#website","url":"https:\/\/farmaziagabilondo.es\/","name":"Farmacia Gabilondo","description":"Somos una farmacia de servicios","publisher":{"@id":"https:\/\/farmaziagabilondo.es\/#organization"},"alternateName":"Farmazia Gabilondo","potentialAction":[{"@type":"SearchAction","target":{"@type":"EntryPoint","urlTemplate":"https:\/\/farmaziagabilondo.es\/?s={search_term_string}"},"query-input":{"@type":"PropertyValueSpecification","valueRequired":true,"valueName":"search_term_string"}}],"inLanguage":"eu"},{"@type":"Organization","@id":"https:\/\/farmaziagabilondo.es\/#organization","name":"Farmacia Gabilondo","alternateName":"Farmazia Gabilondo","url":"https:\/\/farmaziagabilondo.es\/","logo":{"@type":"ImageObject","inLanguage":"eu","@id":"https:\/\/farmaziagabilondo.es\/#\/schema\/logo\/image\/","url":"https:\/\/farmaziagabilondo.es\/wp-content\/uploads\/2025\/05\/cropped-WhatsApp-Image-2025-05-05-at-17.33.13.jpeg","contentUrl":"https:\/\/farmaziagabilondo.es\/wp-content\/uploads\/2025\/05\/cropped-WhatsApp-Image-2025-05-05-at-17.33.13.jpeg","width":974,"height":443,"caption":"Farmacia Gabilondo"},"image":{"@id":"https:\/\/farmaziagabilondo.es\/#\/schema\/logo\/image\/"},"sameAs":["https:\/\/www.facebook.com\/gabilondofarma\/?locale=es_ES"]}]}},"_links":{"self":[{"href":"https:\/\/farmaziagabilondo.es\/eu\/wp-json\/wp\/v2\/pages\/21","targetHints":{"allow":["GET"]}}],"collection":[{"href":"https:\/\/farmaziagabilondo.es\/eu\/wp-json\/wp\/v2\/pages"}],"about":[{"href":"https:\/\/farmaziagabilondo.es\/eu\/wp-json\/wp\/v2\/types\/page"}],"author":[{"embeddable":true,"href":"https:\/\/farmaziagabilondo.es\/eu\/wp-json\/wp\/v2\/users\/1"}],"replies":[{"embeddable":true,"href":"https:\/\/farmaziagabilondo.es\/eu\/wp-json\/wp\/v2\/comments?post=21"}],"version-history":[{"count":46,"href":"https:\/\/farmaziagabilondo.es\/eu\/wp-json\/wp\/v2\/pages\/21\/revisions"}],"predecessor-version":[{"id":736,"href":"https:\/\/farmaziagabilondo.es\/eu\/wp-json\/wp\/v2\/pages\/21\/revisions\/736"}],"wp:attachment":[{"href":"https:\/\/farmaziagabilondo.es\/eu\/wp-json\/wp\/v2\/media?parent=21"}],"curies":[{"name":"wp","href":"https:\/\/api.w.org\/{rel}","templated":true}]}}